{"id":19987,"date":"2025-04-10T07:47:30","date_gmt":"2025-04-10T00:47:30","guid":{"rendered":"https:\/\/chementors.com\/?page_id=19987"},"modified":"2025-04-17T01:52:59","modified_gmt":"2025-04-16T18:52:59","slug":"kiittaa-yhteydenotostasi","status":"publish","type":"page","link":"https:\/\/chementors.com\/fi\/kiittaa-yhteydenotostasi\/","title":{"rendered":"Kiitt\u00e4\u00e4 Yhteydenotostasi"},"content":{"rendered":"\t\t<div data-elementor-type=\"wp-page\" data-elementor-id=\"19987\" class=\"elementor elementor-19987 elementor-19306\" data-elementor-post-type=\"page\">\n\t\t\t\t<div data-dce-background-color=\"#FFFFFF\" data-dce-background-image-url=\"https:\/\/chementors.com\/wp-content\/uploads\/2023\/02\/shutterstock_175340075.jpg\" class=\"elementor-element elementor-element-56eb304 e-flex e-con-boxed e-con e-parent\" data-id=\"56eb304\" data-element_type=\"container\" data-e-type=\"container\" data-settings=\"{&quot;background_background&quot;:&quot;classic&quot;}\">\n\t\t\t\t\t<div class=\"e-con-inner\">\n\t\t<div class=\"elementor-element elementor-element-ea85e71 e-con-full e-flex e-con e-child\" data-id=\"ea85e71\" data-element_type=\"container\" data-e-type=\"container\" data-settings=\"{&quot;background_background&quot;:&quot;classic&quot;}\">\n\t\t<div data-dce-background-color=\"#0000008C\" class=\"elementor-element elementor-element-306e371 e-con-full e-flex e-con e-child\" data-id=\"306e371\" data-element_type=\"container\" data-e-type=\"container\" data-settings=\"{&quot;background_background&quot;:&quot;classic&quot;}\">\n\t\t\t\t<div data-dce-title-color=\"#ffffff\" class=\"elementor-element elementor-element-c593a23 elementor-widget elementor-widget-heading\" data-id=\"c593a23\" data-element_type=\"widget\" data-e-type=\"widget\" data-widget_type=\"heading.default\">\n\t\t\t\t<div class=\"elementor-widget-container\">\n\t\t\t\t\t<h2 class=\"elementor-heading-title elementor-size-default\">Chementors Kiitt\u00e4\u00e4 Yhteydenotostasi<\/h2>\t\t\t\t<\/div>\n\t\t\t\t<\/div>\n\t\t\t\t<div class=\"elementor-element elementor-element-8a29c0f elementor-widget__width-initial dce_masking-none elementor-widget elementor-widget-image\" data-id=\"8a29c0f\" data-element_type=\"widget\" data-e-type=\"widget\" data-widget_type=\"image.default\">\n\t\t\t\t<div class=\"elementor-widget-container\">\n\t\t\t\t\t\t\t\t\t\t\t\t\t\t\t<img fetchpriority=\"high\" decoding=\"async\" width=\"800\" height=\"783\" src=\"https:\/\/chementors.com\/wp-content\/uploads\/2023\/02\/Rebecca_96-scaled-e1600168380165-1024x1002.jpg\" class=\"attachment-large size-large wp-image-11952\" alt=\"\" srcset=\"https:\/\/chementors.com\/wp-content\/uploads\/2023\/02\/Rebecca_96-scaled-e1600168380165-1024x1002.jpg.webp 1024w, https:\/\/chementors.com\/wp-content\/uploads\/2023\/02\/Rebecca_96-scaled-e1600168380165-300x293.jpg.webp 300w, https:\/\/chementors.com\/wp-content\/uploads\/2023\/02\/Rebecca_96-scaled-e1600168380165-768x751.jpg.webp 768w, https:\/\/chementors.com\/wp-content\/uploads\/2023\/02\/Rebecca_96-scaled-e1600168380165-1536x1503.jpg.webp 1536w, https:\/\/chementors.com\/wp-content\/uploads\/2023\/02\/Rebecca_96-scaled-e1600168380165.jpg.webp 1707w\" sizes=\"(max-width: 800px) 100vw, 800px\" \/>\t\t\t\t\t\t\t\t\t\t\t\t\t\t\t<\/div>\n\t\t\t\t<\/div>\n\t\t\t\t<div data-dce-text-color=\"#FFFFFF\" class=\"elementor-element elementor-element-0bd2248 elementor-widget__width-initial elementor-widget elementor-widget-text-editor\" data-id=\"0bd2248\" data-element_type=\"widget\" data-e-type=\"widget\" data-widget_type=\"text-editor.default\">\n\t\t\t\t<div class=\"elementor-widget-container\">\n\t\t\t\t\t\t\t\t\t<p>Hei,<br \/><br \/>Kiit\u00e4mme sinua yhteydenotostasi! Olemme vastaanottaneet viestisi ja k\u00e4sittelemme sen mahdollisimman pian. Chementorsin tiimin j\u00e4sen on sinuun suoraan yhteydess\u00e4 kartoittaakseen tarpeesi ja miten voimme parhaiten auttaa sinua.<\/p>\t\t\t\t\t\t\t\t<\/div>\n\t\t\t\t<\/div>\n\t\t\t\t<\/div>\n\t\t<div data-dce-background-color=\"#FFFFFF\" class=\"elementor-element elementor-element-28a202c e-con-full e-flex e-con e-child\" data-id=\"28a202c\" data-element_type=\"container\" data-e-type=\"container\" data-settings=\"{&quot;background_background&quot;:&quot;classic&quot;}\">\n\t\t\t\t<div data-dce-background-color=\"#47953400\" class=\"elementor-element elementor-element-af3f3ab elementor-widget elementor-widget-button\" data-id=\"af3f3ab\" data-element_type=\"widget\" data-e-type=\"widget\" data-widget_type=\"button.default\">\n\t\t\t\t<div class=\"elementor-widget-container\">\n\t\t\t\t\t\t\t\t\t<div class=\"elementor-button-wrapper\">\n\t\t\t\t\t<a class=\"elementor-button elementor-button-link elementor-size-sm\" href=\"https:\/\/chementors.com\/fi\/\">\n\t\t\t\t\t\t<span class=\"elementor-button-content-wrapper\">\n\t\t\t\t\t\t<span class=\"elementor-button-icon\">\n\t\t\t\t<svg aria-hidden=\"true\" class=\"e-font-icon-svg e-fas-chevron-right\" viewBox=\"0 0 320 512\" xmlns=\"http:\/\/www.w3.org\/2000\/svg\"><path d=\"M285.476 272.971L91.132 467.314c-9.373 9.373-24.569 9.373-33.941 0l-22.667-22.667c-9.357-9.357-9.375-24.522-.04-33.901L188.505 256 34.484 101.255c-9.335-9.379-9.317-24.544.04-33.901l22.667-22.667c9.373-9.373 24.569-9.373 33.941 0L285.475 239.03c9.373 9.372 9.373 24.568.001 33.941z\"><\/path><\/svg>\t\t\t<\/span>\n\t\t\t\t\t\t\t\t\t<span class=\"elementor-button-text\">Takaisin Etusivulle<\/span>\n\t\t\t\t\t<\/span>\n\t\t\t\t\t<\/a>\n\t\t\t\t<\/div>\n\t\t\t\t\t\t\t\t<\/div>\n\t\t\t\t<\/div>\n\t\t\t\t<div class=\"elementor-element elementor-element-8d6ca45 elementor-widget elementor-widget-text-editor\" data-id=\"8d6ca45\" data-element_type=\"widget\" data-e-type=\"widget\" data-widget_type=\"text-editor.default\">\n\t\t\t\t<div class=\"elementor-widget-container\">\n\t\t\t\t\t\t\t\t\t<p>Arvostamme suuresti kiinnostustasi Chementorsin palveluita kohtaan ja olemme sitoutuneita tarjoamaan sinulle yksil\u00f6llisesti r\u00e4\u00e4t\u00e4l\u00f6idyn vastauksen mahdollisimman nopeasti. Mik\u00e4li asiasi on kuitenkin kiireellisempi tai haluat olla meihin yhteydess\u00e4 nopeammin, voit tavoittaa meid\u00e4t suoraan seuraavilla yhteystiedoilla:<\/p><ul><li><strong>S\u00e4hk\u00f6posti<\/strong>: rebecca.karjalainen@chementors.fi<\/li><li><strong>Puhelin<\/strong>: +358 44 974 0601<br \/><br \/><\/li><\/ul><p>Kiitos viel\u00e4 kerran, ett\u00e4 valitsit Chementorsin. Odotamme innolla mahdollista yhteisty\u00f6t\u00e4 kanssasi.<\/p><p>Yst\u00e4v\u00e4llisin terveisin,<br \/>Chementorsin tiimi<\/p>\t\t\t\t\t\t\t\t<\/div>\n\t\t\t\t<\/div>\n\t\t\t\t<\/div>\n\t\t\t\t<\/div>\n\t\t\t\t\t<\/div>\n\t\t\t\t<\/div>\n\t\t\t\t<\/div>\n\t\t","protected":false},"excerpt":{"rendered":"<p>Chementors Kiitt\u00e4\u00e4 Yhteydenotostasi Hei, Kiit\u00e4mme sinua yhteydenotostasi! Olemme vastaanottaneet viestisi ja k\u00e4sittelemme sen mahdollisimman pian. Chementorsin tiimin j\u00e4sen on sinuun suoraan yhteydess\u00e4 kartoittaakseen tarpeesi ja miten voimme parhaiten auttaa sinua. Takaisin Etusivulle Arvostamme suuresti kiinnostustasi Chementorsin palveluita kohtaan ja olemme sitoutuneita tarjoamaan sinulle yksil\u00f6llisesti r\u00e4\u00e4t\u00e4l\u00f6idyn vastauksen mahdollisimman nopeasti. Mik\u00e4li asiasi on kuitenkin kiireellisempi tai haluat [&hellip;]<\/p>\n","protected":false},"author":1377,"featured_media":5681,"parent":0,"menu_order":0,"comment_status":"closed","ping_status":"closed","template":"","meta":{"_acf_changed":false,"footnotes":""},"class_list":["post-19987","page","type-page","status-publish","has-post-thumbnail","hentry"],"acf":[],"_links":{"self":[{"href":"https:\/\/chementors.com\/fi\/wp-json\/wp\/v2\/pages\/19987","targetHints":{"allow":["GET"]}}],"collection":[{"href":"https:\/\/chementors.com\/fi\/wp-json\/wp\/v2\/pages"}],"about":[{"href":"https:\/\/chementors.com\/fi\/wp-json\/wp\/v2\/types\/page"}],"author":[{"embeddable":true,"href":"https:\/\/chementors.com\/fi\/wp-json\/wp\/v2\/users\/1377"}],"replies":[{"embeddable":true,"href":"https:\/\/chementors.com\/fi\/wp-json\/wp\/v2\/comments?post=19987"}],"version-history":[{"count":6,"href":"https:\/\/chementors.com\/fi\/wp-json\/wp\/v2\/pages\/19987\/revisions"}],"predecessor-version":[{"id":20102,"href":"https:\/\/chementors.com\/fi\/wp-json\/wp\/v2\/pages\/19987\/revisions\/20102"}],"wp:featuredmedia":[{"embeddable":true,"href":"https:\/\/chementors.com\/fi\/wp-json\/wp\/v2\/media\/5681"}],"wp:attachment":[{"href":"https:\/\/chementors.com\/fi\/wp-json\/wp\/v2\/media?parent=19987"}],"curies":[{"name":"wp","href":"https:\/\/api.w.org\/{rel}","templated":true}]}}