{"id":19572,"date":"2025-03-14T22:03:21","date_gmt":"2025-03-14T15:03:21","guid":{"rendered":"https:\/\/chementors.com\/?page_id=19572"},"modified":"2025-03-14T22:03:21","modified_gmt":"2025-03-14T15:03:21","slug":"sitemap","status":"publish","type":"page","link":"https:\/\/chementors.com\/fi\/sitemap\/","title":{"rendered":"Sitemap"},"content":{"rendered":"\t\t<div data-elementor-type=\"wp-page\" data-elementor-id=\"19572\" class=\"elementor elementor-19572 elementor-11083\" data-elementor-post-type=\"page\">\n\t\t\t\t<div class=\"elementor-element elementor-element-83b4dfc e-flex e-con-boxed e-con e-parent\" data-id=\"83b4dfc\" data-element_type=\"container\" data-e-type=\"container\">\n\t\t\t\t\t<div class=\"e-con-inner\">\n\t\t\t\t<div class=\"elementor-element elementor-element-b89f30c elementor-widget elementor-widget-sitemap\" data-id=\"b89f30c\" data-element_type=\"widget\" data-e-type=\"widget\" data-widget_type=\"sitemap.default\">\n\t\t\t\t<div class=\"elementor-widget-container\">\n\t\t\t\t\t<div class=\"elementor-sitemap-wrap\"><div class=\"elementor-sitemap-section\"><h2 class=\"elementor-sitemap-title elementor-sitemap-page-title\">Pages<\/h2><ul class=\"elementor-sitemap-list elementor-sitemap-page-list\"><li class=\"elementor-sitemap-item elementor-sitemap-item-page page_item page-item-19987\"><a href=\"https:\/\/chementors.com\/fi\/kiittaa-yhteydenotostasi\/\">Kiitt\u00e4\u00e4 Yhteydenotostasi<\/a><\/li><li class=\"elementor-sitemap-item elementor-sitemap-item-page page_item page-item-19572\"><a href=\"https:\/\/chementors.com\/fi\/sitemap\/\">Sitemap<\/a><\/li><li class=\"elementor-sitemap-item elementor-sitemap-item-page page_item page-item-6577\"><a href=\"https:\/\/chementors.com\/fi\/\">Chemical Safety Consulting<\/a><\/li><li class=\"elementor-sitemap-item elementor-sitemap-item-page page_item page-item-5575\"><a href=\"https:\/\/chementors.com\/fi\/case-studies\/\">Case Studies<\/a><\/li><li class=\"elementor-sitemap-item elementor-sitemap-item-page page_item page-item-1334\"><a href=\"https:\/\/chementors.com\/fi\/referenssit\/\">Referenssit<\/a><\/li><li class=\"elementor-sitemap-item elementor-sitemap-item-page page_item page-item-885\"><a href=\"https:\/\/chementors.com\/fi\/uutiset\/\">Uutiset<\/a><\/li><li class=\"elementor-sitemap-item elementor-sitemap-item-page page_item page-item-726\"><a href=\"https:\/\/chementors.com\/fi\/palvelut\/\">Palvelut<\/a><ul class='children'><li class=\"elementor-sitemap-item elementor-sitemap-item-page page_item page-item-762\"><a href=\"https:\/\/chementors.com\/fi\/palvelut\/vietnamissa\/\">Vietnamissa<\/a><\/li><li class=\"elementor-sitemap-item elementor-sitemap-item-page page_item page-item-760\"><a href=\"https:\/\/chementors.com\/fi\/palvelut\/eurooppaan\/\">Eurooppaan<\/a><\/li><\/ul><\/li><li class=\"elementor-sitemap-item elementor-sitemap-item-page page_item page-item-711\"><a href=\"https:\/\/chementors.com\/fi\/yritys-chementors\/\">Yritys Chementors<\/a><\/li><li class=\"elementor-sitemap-item elementor-sitemap-item-page page_item page-item-704\"><a href=\"https:\/\/chementors.com\/fi\/ota-meihin-yhteytta\/\">Ota meihin yhteytt\u00e4<\/a><\/li><\/ul><\/div><div class=\"elementor-sitemap-section\"><h2 class=\"elementor-sitemap-title elementor-sitemap-post-title\">Articles<\/h2><ul class=\"elementor-sitemap-list elementor-sitemap-post-list\"><li class=\"elementor-sitemap-item elementor-sitemap-item-post page_item page-item-22007\"><a href=\"https:\/\/chementors.com\/fi\/scip-tietokanta-mika-se-on-ja-miten-sita-kaytetaan\/\">SCIP-tietokanta: mik\u00e4 se on ja miten sit\u00e4 k\u00e4ytet\u00e4\u00e4n<\/a><\/li><li class=\"elementor-sitemap-item elementor-sitemap-item-post page_item page-item-21990\"><a href=\"https:\/\/chementors.com\/fi\/pelkka-ufi-koodi-ei-riita-puutteita-pcn-ilmoituksissa\/\">Pelkk\u00e4 UFI-koodi ei riit\u00e4 \u2013 puutteita PCN-ilmoituksissa<\/a><\/li><li class=\"elementor-sitemap-item elementor-sitemap-item-post page_item page-item-21802\"><a href=\"https:\/\/chementors.com\/fi\/mika-on-ppord-ilmoitus-5-asiaa-jotka-sinun-tulee-tietaa\/\">Mik\u00e4 on PPORD-ilmoitus? 5 asiaa, jotka sinun tulee tiet\u00e4\u00e4<\/a><\/li><li class=\"elementor-sitemap-item elementor-sitemap-item-post page_item page-item-21686\"><a href=\"https:\/\/chementors.com\/fi\/eu-valvonta-paljastaa-reach-puutteita-tuontituotteissa\/\">EU-valvonta paljastaa REACH-puutteita tuontituotteissa<\/a><\/li><li class=\"elementor-sitemap-item elementor-sitemap-item-post page_item page-item-20049\"><a href=\"https:\/\/chementors.com\/fi\/voidaanko-etanoli-korvata-desinfiointiaineena\/\">Voidaanko etanoli korvata desinfiointiaineena?<\/a><\/li><li class=\"elementor-sitemap-item elementor-sitemap-item-post page_item page-item-19225\"><a href=\"https:\/\/chementors.com\/fi\/clp-asetuksen-uudet-vaatimukset-vaarallisille-kemikaaleille\/\">CLP-asetuksen uudet vaatimukset vaarallisille kemikaaleille<\/a><\/li><li class=\"elementor-sitemap-item elementor-sitemap-item-post page_item page-item-11697\"><a href=\"https:\/\/chementors.com\/fi\/eun-kayttoturvallisuustiedotteen-sds-vaatimukset-ja-muotoilu\/\">EU:n k\u00e4ytt\u00f6turvallisuustiedotteen muoto- ja sis\u00e4lt\u00f6vaatimukset<\/a><\/li><li class=\"elementor-sitemap-item elementor-sitemap-item-post page_item page-item-17067\"><a href=\"https:\/\/chementors.com\/fi\/pakkauksiin-liittyvat-velvoitteet-kemikaaliyrittajan-nakokulmasta\/\">Pakkauksiin liittyv\u00e4t velvoitteet kemikaaliyritt\u00e4j\u00e4n n\u00e4k\u00f6kulmasta<\/a><\/li><li class=\"elementor-sitemap-item elementor-sitemap-item-post page_item page-item-15713\"><a href=\"https:\/\/chementors.com\/fi\/tukes-julkaisi-taulukon-biosiditehoaineista\/\">Tukes julkaisi taulukon biosiditehoaineista<\/a><\/li><li class=\"elementor-sitemap-item elementor-sitemap-item-post page_item page-item-15033\"><a href=\"https:\/\/chementors.com\/fi\/eu-kieltaa-mikromuovien-markkinoinnin\/\">EU kielt\u00e4\u00e4 mikromuovien markkinoinnin<\/a><\/li><li class=\"elementor-sitemap-item elementor-sitemap-item-post page_item page-item-14297\"><a href=\"https:\/\/chementors.com\/fi\/vak-laki-uudistui-oletko-ajan-tasalla\/\">VAK-laki uudistui &#8211; oletko ajan tasalla?<\/a><\/li><li class=\"elementor-sitemap-item elementor-sitemap-item-post page_item page-item-13491\"><a href=\"https:\/\/chementors.com\/fi\/kuinka-valita-pateva-eun-reach-konsultti\/\">Kuinka valita p\u00e4tev\u00e4 EU:n REACH-konsultti<\/a><\/li><li class=\"elementor-sitemap-item elementor-sitemap-item-post page_item page-item-11593\"><a href=\"https:\/\/chementors.com\/fi\/tarkeaa-echa-aloitti-kayttoturvallisuustiedotteiden-tarkastamisen\/\">T\u00e4rke\u00e4\u00e4! ECHA aloitti k\u00e4ytt\u00f6turvallisuustiedotteiden tarkastamisen<\/a><\/li><li class=\"elementor-sitemap-item elementor-sitemap-item-post page_item page-item-10416\"><a href=\"https:\/\/chementors.com\/fi\/clp-asetuksen-uudet-vaaraluokat-voimaan-2023\/\">CLP-asetuksen uudet vaaraluokat voimaan 2023<\/a><\/li><li class=\"elementor-sitemap-item elementor-sitemap-item-post page_item page-item-9358\"><a href=\"https:\/\/chementors.com\/fi\/muistutus-kayttoturvallisuustiedotteiden-uusista-vaatimuksista\/\">Muistutus k\u00e4ytt\u00f6turvallisuustiedotteiden uusista vaatimuksista<\/a><\/li><li class=\"elementor-sitemap-item elementor-sitemap-item-post page_item page-item-7091\"><a href=\"https:\/\/chementors.com\/fi\/clp-asetuksen-yhdenmukaistettuihin-luokituksiin-ja-merkintoihin-on-tullut-muutoksia\/\">CLP-asetuksen yhdenmukaistettuihin luokituksiin ja merkint\u00f6ihin on tullut muutoksia<\/a><\/li><li class=\"elementor-sitemap-item elementor-sitemap-item-post page_item page-item-6573\"><a href=\"https:\/\/chementors.com\/fi\/eu-di-isosyanaattien-kayttajille-koulutusvaatimus\/\">EU: Di-isosyanaattien k\u00e4ytt\u00e4jille koulutusvaatimus<\/a><\/li><li class=\"elementor-sitemap-item elementor-sitemap-item-post page_item page-item-4800\"><a href=\"https:\/\/chementors.com\/fi\/reach-asetuksen-rekisterointivaatimukset-muuttuivat-tammikuussa-2022\/\">REACH-asetuksen rekister\u00f6intivaatimukset muuttuivat tammikuussa 2022<\/a><\/li><li class=\"elementor-sitemap-item elementor-sitemap-item-post page_item page-item-3969\"><a href=\"https:\/\/chementors.com\/fi\/paivityksia-clp-asetuksen-yhdenmukaistettujen-luokitusten-ja-merkintojen-luetteloon\/\">P\u00e4ivityksi\u00e4 CLP-asetuksen yhdenmukaistettujen luokitusten ja merkint\u00f6jen luetteloon<\/a><\/li><li class=\"elementor-sitemap-item elementor-sitemap-item-post page_item page-item-3956\"><a href=\"https:\/\/chementors.com\/fi\/ilmoitus-esineiden-sisaltamista-svhc-aineista-muuttuu-pakolliseksi-19-7-2021-alkaen\/\">Ilmoitus esineiden sis\u00e4lt\u00e4mist\u00e4 SVHC-aineista muuttui pakolliseksi 19.7.2021 alkaen<\/a><\/li><li class=\"elementor-sitemap-item elementor-sitemap-item-post page_item page-item-3728\"><a href=\"https:\/\/chementors.com\/fi\/euroopan-kemikaaliviraston-echan-myrkytyskeskus-pcn-aloittaa-toimintansa-vuoden-2021-alussa-vuoden-alkuperaista-suunnitelmaa-myohassa\/\">Euroopan Kemikaaliviraston ECHA:n Myrkytyskeskus (PCN) aloittaa toimintansa vuoden 2021 alussa, vuoden alkuper\u00e4ist\u00e4 suunnitelmaa my\u00f6h\u00e4ss\u00e4.<\/a><\/li><li class=\"elementor-sitemap-item elementor-sitemap-item-post page_item page-item-3514\"><a href=\"https:\/\/chementors.com\/fi\/yhteistyokumppanimme-sydanlangat\/\">Syd\u00e4nlangat yritysesittelyss\u00e4<\/a><\/li><li class=\"elementor-sitemap-item elementor-sitemap-item-post page_item page-item-3464\"><a href=\"https:\/\/chementors.com\/fi\/svhc-ehdokasluettelon-paivittyi-nelja-uutta-vaarallista-kemikaalia-jotka-poistetaan-kaytosta\/\">SVHC-ehdokasluettelon p\u00e4ivittyi: Nelj\u00e4 uutta vaarallista kemikaalia, jotka poistetaan k\u00e4yt\u00f6st\u00e4<\/a><\/li><li class=\"elementor-sitemap-item elementor-sitemap-item-post page_item page-item-3062\"><a href=\"https:\/\/chementors.com\/fi\/tukesilta-helpotuksia-desinfiointiaineiden-valmistajille\/\">TUKESilta helpotuksia desinfiointiaineiden valmistajille<\/a><\/li><li class=\"elementor-sitemap-item elementor-sitemap-item-post page_item page-item-2999\"><a href=\"https:\/\/chementors.com\/fi\/kasidesin-valmistus-ja-myynti\/\">TUKES antaa ohjeita k\u00e4sidesin valmistukseen ja myyntiin<\/a><\/li><li class=\"elementor-sitemap-item elementor-sitemap-item-post page_item page-item-2816\"><a href=\"https:\/\/chementors.com\/fi\/mika-on-ufi-tunniste-2\/\">Mik\u00e4 on UFI-tunniste?<\/a><\/li><li class=\"elementor-sitemap-item elementor-sitemap-item-post page_item page-item-2465\"><a href=\"https:\/\/chementors.com\/fi\/chementors-mukana-ykn-green-chemistry-projektissa-vietnamissa\/\">Chementors mukana Green Chemistry projektissa Vietnamissa<\/a><\/li><li class=\"elementor-sitemap-item elementor-sitemap-item-post page_item page-item-1685\"><a href=\"https:\/\/chementors.com\/fi\/chementors-seminaarin-evailla-kohti-kesaa\/\">Chementors- seminaarin ev\u00e4ill\u00e4 kohti kes\u00e4\u00e4!<\/a><\/li><li class=\"elementor-sitemap-item elementor-sitemap-item-post page_item page-item-883\"><a href=\"https:\/\/chementors.com\/fi\/chementors-oy-jarjesti-seminaarin-yhteistyossa-vietnamin-kauppa-ja-teollisuuskamari-vccin-kanssa-hanoissa-perjantaina-16-marraskuuta\/\">Chementors Oy j\u00e4rjesti seminaarin yhteisty\u00f6ss\u00e4 Vietnamin kauppa- ja teollisuuskamari VCCI:n kanssa Hanoissa perjantaina 16. marraskuuta.<\/a><\/li><li class=\"elementor-sitemap-item elementor-sitemap-item-post page_item page-item-901\"><a href=\"https:\/\/chementors.com\/fi\/clp-asetuksen-uusien-muutosten-vaikutukset-kaupalle-ja-teollisuudelle\/\">CLP-asetuksen uusien muutosten vaikutukset kaupalle ja teollisuudelle<\/a><\/li><li class=\"elementor-sitemap-item elementor-sitemap-item-post page_item page-item-1787\"><a href=\"https:\/\/chementors.com\/fi\/chementors-toivottaa-sinut-lampimasti-tervetulleeksi-uusille-kotisivuillemme\/\">Chementors toivottaa sinut l\u00e4mpim\u00e4sti tervetulleeksi uusille kotisivuillemme!<\/a><\/li><\/ul><\/div><div class=\"elementor-sitemap-section\"><h2 class=\"elementor-sitemap-title elementor-sitemap-service-title\">Services<\/h2><ul class=\"elementor-sitemap-list elementor-sitemap-service-list\"><li class=\"elementor-sitemap-item elementor-sitemap-item-service page_item page-item-21636\"><a href=\"https:\/\/chementors.com\/fi\/services\/eu-reach-seurantapalvelu\/\">EU REACH-seurantapalvelu<\/a><\/li><li class=\"elementor-sitemap-item elementor-sitemap-item-service page_item page-item-17392\"><a href=\"https:\/\/chementors.com\/fi\/services\/kayttoturvallisuustiedotteen-paivitys-ja-tarkistuspalvelu\/\">K\u00e4ytt\u00f6turvallisuustiedotteen p\u00e4ivitys- ja tarkistuspalvelu<\/a><\/li><li class=\"elementor-sitemap-item elementor-sitemap-item-service page_item page-item-17355\"><a href=\"https:\/\/chementors.com\/fi\/services\/kayttoturvallisuustiedotteen-kaannospalvelu\/\">K\u00e4ytt\u00f6turvallisuustiedotteen k\u00e4\u00e4nn\u00f6spalvelu<\/a><\/li><li class=\"elementor-sitemap-item elementor-sitemap-item-service page_item page-item-17197\"><a href=\"https:\/\/chementors.com\/fi\/services\/kayttoturvallisuustiedotepalvelut\/\">K\u00e4ytt\u00f6turvallisuustiedotepalvelut<\/a><\/li><li class=\"elementor-sitemap-item elementor-sitemap-item-service page_item page-item-14639\"><a href=\"https:\/\/chementors.com\/fi\/services\/scip-ilmoituspalvelu\/\">SCIP-ilmoituspalvelu<\/a><\/li><li class=\"elementor-sitemap-item elementor-sitemap-item-service page_item page-item-14175\"><a href=\"https:\/\/chementors.com\/fi\/services\/sdsarea\/\">SdSArea<\/a><\/li><li class=\"elementor-sitemap-item elementor-sitemap-item-service page_item page-item-729\"><a href=\"https:\/\/chementors.com\/fi\/services\/reach-rekisterointi\/\">EU REACH rekister\u00f6inti<\/a><\/li><li class=\"elementor-sitemap-item elementor-sitemap-item-service page_item page-item-13018\"><a href=\"https:\/\/chementors.com\/fi\/services\/chemeter-3\/\">Chemeter<\/a><\/li><li class=\"elementor-sitemap-item elementor-sitemap-item-service page_item page-item-14131\"><a href=\"https:\/\/chementors.com\/fi\/services\/kayttoturvallisuustiedotteen\/\">K\u00e4ytt\u00f6turvallisuustiedotteen laadintapalvelu<\/a><\/li><li class=\"elementor-sitemap-item elementor-sitemap-item-service page_item page-item-10817\"><a href=\"https:\/\/chementors.com\/fi\/services\/vaatimustenmukaisuustodistus\/\">Vaatimustenmukaisuustodistus<\/a><\/li><li class=\"elementor-sitemap-item elementor-sitemap-item-service page_item page-item-4845\"><a href=\"https:\/\/chementors.com\/fi\/services\/poison-centre-notification-pcn-2\/\">Ilmoitukset vaarallisista seoksista myrkytystietokeskuksille (PCN)<\/a><\/li><li class=\"elementor-sitemap-item elementor-sitemap-item-service page_item page-item-11991\"><a href=\"https:\/\/chementors.com\/fi\/services\/biosidit\/\">Biosidien rekister\u00f6intipalvelu<\/a><\/li><li class=\"elementor-sitemap-item elementor-sitemap-item-service page_item page-item-14410\"><a href=\"https:\/\/chementors.com\/fi\/services\/tna\/\">Turvallisuusneuvonantaja\u00a0(TNA)<\/a><\/li><li class=\"elementor-sitemap-item elementor-sitemap-item-service page_item page-item-1221\"><a href=\"https:\/\/chementors.com\/fi\/services\/tieto-ja-neuvontapalvelut\/\">Tieto- ja neuvontapalvelut<\/a><\/li><\/ul><\/div><div class=\"elementor-sitemap-section\"><h2 class=\"elementor-sitemap-title elementor-sitemap-cases-title\">Case Studies<\/h2><ul class=\"elementor-sitemap-list elementor-sitemap-cases-list\"><li class=\"elementor-sitemap-item elementor-sitemap-item-cases page_item page-item-21694\"><a href=\"https:\/\/chementors.com\/fi\/case-studies\/case-study-asfaltos-de-arinaga-s-a\/\">Case Study | Asfaltos De Arinaga, S.A<\/a><\/li><li class=\"elementor-sitemap-item elementor-sitemap-item-cases page_item page-item-21347\"><a href=\"https:\/\/chementors.com\/fi\/case-studies\/case-study-frescon-oy-biocidal-product-registration-bpr\/\">Case Study: Frescon Oy \u2013 Biosidivalmisteen rekister\u00f6inti<\/a><\/li><li class=\"elementor-sitemap-item elementor-sitemap-item-cases page_item page-item-20645\"><a href=\"https:\/\/chementors.com\/fi\/case-studies\/case-study-pesupalvelu-hans-langh-oy\/\">Case Study | Pesupalvelu Hans Langh Oy<\/a><\/li><li class=\"elementor-sitemap-item elementor-sitemap-item-cases page_item page-item-20619\"><a href=\"https:\/\/chementors.com\/fi\/case-studies\/case-study-fortum-battery-recycling-oy\/\">Case Study | Fortum Battery Recycling Oy<\/a><\/li><li class=\"elementor-sitemap-item elementor-sitemap-item-cases page_item page-item-20062\"><a href=\"https:\/\/chementors.com\/fi\/case-studies\/case-study-tulisuoja-suomi-oy\/\">Case Study | Tulisuoja Suomi Oy<\/a><\/li><li class=\"elementor-sitemap-item elementor-sitemap-item-cases page_item page-item-10978\"><a href=\"https:\/\/chementors.com\/fi\/case-studies\/case-study-hock-chemie\/\">Case Study | Hock Chemie<\/a><\/li><li class=\"elementor-sitemap-item elementor-sitemap-item-cases page_item page-item-10534\"><a href=\"https:\/\/chementors.com\/fi\/case-studies\/case-study-finn-elox-oy\/\">Case Study | Finn-Elox Oy<\/a><\/li><li class=\"elementor-sitemap-item elementor-sitemap-item-cases page_item page-item-10584\"><a href=\"https:\/\/chementors.com\/fi\/case-studies\/case-study-jarmat-oy\/\">Case Study | Jarmat Oy<\/a><\/li><li class=\"elementor-sitemap-item elementor-sitemap-item-cases page_item page-item-18269\"><a href=\"https:\/\/chementors.com\/fi\/case-studies\/case-study-millidyne-oy\/\">Case Study | Millidyne Oy<\/a><\/li><li class=\"elementor-sitemap-item elementor-sitemap-item-cases page_item page-item-16644\"><a href=\"https:\/\/chementors.com\/fi\/case-studies\/case-study-case-study-blcs-fuel-optimizer-oy\/\">Case Study | BLCS Fuel Optimizer Oy<\/a><\/li><li class=\"elementor-sitemap-item elementor-sitemap-item-cases page_item page-item-8429\"><a href=\"https:\/\/chementors.com\/fi\/case-studies\/case-study-emendo-oy\/\">Case Study | Emendo Oy<\/a><\/li><li class=\"elementor-sitemap-item elementor-sitemap-item-cases page_item page-item-7882\"><a href=\"https:\/\/chementors.com\/fi\/case-studies\/radico\/\">Case Study | Radico<\/a><\/li><li class=\"elementor-sitemap-item elementor-sitemap-item-cases page_item page-item-7067\"><a href=\"https:\/\/chementors.com\/fi\/case-studies\/astq-supply-house-oy\/\">Case Study | ASTQ Supply House Oy<\/a><\/li><li class=\"elementor-sitemap-item elementor-sitemap-item-cases page_item page-item-5594\"><a href=\"https:\/\/chementors.com\/fi\/case-studies\/case-study-lumene\/\">Case Study | Lumene<\/a><\/li><li class=\"elementor-sitemap-item elementor-sitemap-item-cases page_item page-item-5551\"><a href=\"https:\/\/chementors.com\/fi\/case-studies\/case-study-kirjovarit-oy-suomi\/\">Case Study | Kirjov\u00e4rit Oy Suomi<\/a><\/li><li class=\"elementor-sitemap-item elementor-sitemap-item-cases page_item page-item-6778\"><a href=\"https:\/\/chementors.com\/fi\/case-studies\/introducing-cooperation-with-ab-nanol-technologies-oy\/\">Case Study | Ab Nanol Technologies Oy<\/a><\/li><\/ul><\/div><div class=\"elementor-sitemap-section\"><h2 class=\"elementor-sitemap-title elementor-sitemap-testimonialtype-title\">Testimonials<\/h2><span class=\"elementor-sitemap-list elementor-sitemap-testimonialtype-list\">None<\/span><\/div><div class=\"elementor-sitemap-section\"><h2 class=\"elementor-sitemap-title elementor-sitemap-category-title\">Categories<\/h2><ul class=\"elementor-sitemap-list elementor-sitemap-category-list\">\t<li class=\"elementor-sitemap-item elementor-sitemap-item-category cat-item cat-item-139\"><a href=\"https:\/\/chementors.com\/fi\/category\/uutiset\/\">Uutiset<\/a>\n<\/li>\n\t<li class=\"elementor-sitemap-item elementor-sitemap-item-category cat-item cat-item-110\"><a href=\"https:\/\/chementors.com\/fi\/category\/uncategorized-fi\/\">Uncategorized<\/a>\n<\/li>\n\t<li class=\"elementor-sitemap-item elementor-sitemap-item-category cat-item cat-item-490\"><a href=\"https:\/\/chementors.com\/fi\/category\/tna\/\">TNA<\/a>\n<\/li>\n\t<li class=\"elementor-sitemap-item elementor-sitemap-item-category cat-item cat-item-486\"><a href=\"https:\/\/chementors.com\/fi\/category\/sds-fi\/\">SDS<\/a>\n<\/li>\n\t<li class=\"elementor-sitemap-item elementor-sitemap-item-category cat-item cat-item-488\"><a href=\"https:\/\/chementors.com\/fi\/category\/reach\/\">REACH<\/a>\n<\/li>\n\t<li class=\"elementor-sitemap-item elementor-sitemap-item-category cat-item cat-item-498\"><a href=\"https:\/\/chementors.com\/fi\/category\/pcn\/\">PCN<\/a>\n<\/li>\n<\/ul><\/div><\/div>\t\t\t\t<\/div>\n\t\t\t\t<\/div>\n\t\t\t\t\t<\/div>\n\t\t\t\t<\/div>\n\t\t\t\t<\/div>\n\t\t","protected":false},"excerpt":{"rendered":"","protected":false},"author":1377,"featured_media":5681,"parent":0,"menu_order":0,"comment_status":"closed","ping_status":"closed","template":"","meta":{"_acf_changed":false,"footnotes":""},"class_list":["post-19572","page","type-page","status-publish","has-post-thumbnail","hentry"],"acf":[],"_links":{"self":[{"href":"https:\/\/chementors.com\/fi\/wp-json\/wp\/v2\/pages\/19572","targetHints":{"allow":["GET"]}}],"collection":[{"href":"https:\/\/chementors.com\/fi\/wp-json\/wp\/v2\/pages"}],"about":[{"href":"https:\/\/chementors.com\/fi\/wp-json\/wp\/v2\/types\/page"}],"author":[{"embeddable":true,"href":"https:\/\/chementors.com\/fi\/wp-json\/wp\/v2\/users\/1377"}],"replies":[{"embeddable":true,"href":"https:\/\/chementors.com\/fi\/wp-json\/wp\/v2\/comments?post=19572"}],"version-history":[{"count":1,"href":"https:\/\/chementors.com\/fi\/wp-json\/wp\/v2\/pages\/19572\/revisions"}],"predecessor-version":[{"id":19573,"href":"https:\/\/chementors.com\/fi\/wp-json\/wp\/v2\/pages\/19572\/revisions\/19573"}],"wp:featuredmedia":[{"embeddable":true,"href":"https:\/\/chementors.com\/fi\/wp-json\/wp\/v2\/media\/5681"}],"wp:attachment":[{"href":"https:\/\/chementors.com\/fi\/wp-json\/wp\/v2\/media?parent=19572"}],"curies":[{"name":"wp","href":"https:\/\/api.w.org\/{rel}","templated":true}]}}